{"id":14,"date":"2023-06-03T12:32:45","date_gmt":"2023-06-03T12:32:45","guid":{"rendered":"https:\/\/staycurious.be\/?page_id=14"},"modified":"2024-04-11T16:53:40","modified_gmt":"2024-04-11T16:53:40","slug":"career","status":"publish","type":"page","link":"https:\/\/staycurious.be\/fr\/career\/","title":{"rendered":"Carri\u00e8re"},"content":{"rendered":"<div id=\"fws_69efa56cf4192\"  data-column-margin=\"default\" data-midnight=\"dark\"  class=\"wpb_row vc_row-fluid vc_row full-width-section vc_row-o-full-height vc_row-o-columns-bottom vc_row-o-equal-height vc_row-flex main-banner carrers-banner\"  style=\"padding-top: 0px; padding-bottom: 0px; \"><div class=\"row-bg-wrap\" data-bg-animation=\"none\" data-bg-animation-delay=\"\" data-bg-overlay=\"false\"><div class=\"inner-wrap row-bg-layer using-image\" ><div class=\"row-bg viewport-desktop using-image\"  style=\"background-image: url(https:\/\/staycurious.be\/wp-content\/uploads\/2023\/06\/carrers-banner.jpg); background-position: left bottom; background-repeat: no-repeat; \"><\/div><\/div><\/div><div class=\"row_col_wrap_12 col span_12 dark left\">\n\t<div  class=\"vc_col-sm-12 wpb_column column_container vc_column_container col no-extra-padding inherit_tablet inherit_phone\"  data-padding-pos=\"all\" data-has-bg-color=\"false\" data-bg-color=\"\" data-bg-opacity=\"1\" data-animation=\"\" data-delay=\"0\" >\n\t\t<div class=\"vc_column-inner\" >\n\t\t\t<div class=\"wpb_wrapper\">\n\t\t\t\t<div class=\"nectar-next-section-wrap bounce alignment_tablet_default alignment_phone_default display_tablet_inherit display_phone_inherit font_size_desktop_70px\"  data-animation=\"default\" data-shad=\"none\" data-align=\"center\" data-custom-color=\"true\"><a href=\"#\" style=\"background-color: #e9cde3;\" class=\"nectar-next-section skip-hash\"> <i class=\"fa fa-angle-down\"><\/i> <\/a><\/div><div class=\"divider-wrap\" data-alignment=\"default\"><div style=\"height: 40px;\" class=\"divider\"><\/div><\/div>\n\t\t\t<\/div> \n\t\t<\/div>\n\t<\/div> \n<\/div><\/div>\n\t\t<div id=\"fws_69efa56d003fc\"  data-column-margin=\"20px\" data-midnight=\"dark\" data-top-percent=\"6%\" data-bottom-percent=\"6%\"  class=\"wpb_row vc_row-fluid vc_row full-width-section carrers-1st-sec top_padding_tablet_60px top_padding_phone_50px bottom_padding_tablet_60px bottom_padding_phone_50px\"  style=\"padding-top: calc(100vw * 0.06); padding-bottom: calc(100vw * 0.06); \"><div class=\"row-bg-wrap\" data-bg-animation=\"none\" data-bg-animation-delay=\"\" data-bg-overlay=\"false\"><div class=\"inner-wrap row-bg-layer\" ><div class=\"row-bg viewport-desktop using-bg-color\"  style=\"background-color: #f4f4f1; \"><\/div><\/div><\/div><div class=\"row_col_wrap_12 col span_12 dark left\">\n\t<div  class=\"vc_col-sm-6 wpb_column column_container vc_column_container col has-animation no-extra-padding inherit_tablet inherit_phone\"  data-padding-pos=\"all\" data-has-bg-color=\"false\" data-bg-color=\"\" data-bg-opacity=\"1\" data-animation=\"fade-in-from-left\" data-delay=\"0\" >\n\t\t<div class=\"vc_column-inner\" >\n\t\t\t<div class=\"wpb_wrapper\">\n\t\t\t\t\n<div class=\"wpb_text_column wpb_content_element  granville-text\" style=\" max-width: 675px; display: inline-block;\">\n\t<div class=\"wpb_wrapper\">\n\t\t<p class=\" translation-block\">Nous ne cessons de nous agrandir et d\u2019\u00e9voluer pour former notre propre \u00e9cosyst\u00e8me : robuste, r\u00e9silient et \u00e9coresponsable. Et \u00e0 l\u2019image d\u2019un terrarium, notre croissance se fait de l\u2019int\u00e9rieur !<\/p>\n\t<\/div>\n<\/div>\n\n\n\n\n\t\t\t<\/div> \n\t\t<\/div>\n\t<\/div> \n\n\t<div  class=\"vc_col-sm-6 wpb_column column_container vc_column_container col has-animation no-extra-padding inherit_tablet inherit_phone\"  data-padding-pos=\"all\" data-has-bg-color=\"false\" data-bg-color=\"\" data-bg-opacity=\"1\" data-animation=\"fade-in-from-right\" data-delay=\"0\" >\n\t\t<div class=\"vc_column-inner\" >\n\t\t\t<div class=\"wpb_wrapper\">\n\t\t\t\t\n<div class=\"wpb_text_column wpb_content_element  vc_custom_1686054908115\" >\n\t<div class=\"wpb_wrapper\">\n\t\t<h5><strong>Pourquoi travailler avec nous ?<\/strong><\/h5>\n\t<\/div>\n<\/div>\n\n\n\n\n<div class=\"wpb_text_column wpb_content_element\" style=\" max-width: 729px; display: inline-block;\">\n\t<div class=\"wpb_wrapper\">\n\t\t<p>- Nous sommes verts : Nous nous effor\u00e7ons d'\u00eatre de plus en plus durables et consid\u00e9rons cela comme un processus continu. Nous disposons d'une \u00e9quipe sp\u00e9cialis\u00e9e dans les initiatives \u00e9cologiques.<br \/>\n- Nous faisons partie du groupe h\u00f4telier Pandox : Propri\u00e9taire de premier plan de propri\u00e9t\u00e9s h\u00f4teli\u00e8res, Pandox dispose d'une solide plateforme commerciale paneurop\u00e9enne avec un portefeuille de propri\u00e9t\u00e9s h\u00f4teli\u00e8res bien diversifi\u00e9, un vaste r\u00e9seau de partenaires, une solide expertise h\u00f4teli\u00e8re et une strat\u00e9gie h\u00f4teli\u00e8re unique. Plus important encore, elle offre l'un des meilleurs avantages sociaux du monde de l'h\u00f4tellerie et de la restauration. - Nous sommes une propri\u00e9t\u00e9 d'IHG : L'un des leaders mondiaux de l'h\u00f4tellerie. Travailler avec une marque comme IHG vous apportera l'exp\u00e9rience, la plateforme et la cr\u00e9dibilit\u00e9 dont vous avez besoin pour prosp\u00e9rer !<\/p>\n\t<\/div>\n<\/div>\n\n\n\n<div class=\"divider-wrap height_tablet_5px height_phone_0px\" data-alignment=\"default\"><div style=\"height: 20px;\" class=\"divider\"><\/div><\/div><div class=\"nectar-cta  text_hover_color_2e5992 alignment_tablet_default alignment_phone_default display_tablet_inherit display_phone_inherit font_size_desktop_17px\" data-color=\"default\" data-using-bg=\"false\" data-style=\"see-through\" data-display=\"block\" data-alignment=\"left\" data-text-color=\"std\" ><p> <span class=\"text\"> <\/span><span class=\"link_wrap\" ><a target=\"_blank\" class=\"link_text\" href=\"https:\/\/pandox-belgium-careers.teamtailor.com\/en-GB\">POSTULER MAINTENANT<span class=\"arrow\"><\/span><\/a><\/span><\/p><\/div>\n\t\t\t<\/div> \n\t\t<\/div>\n\t<\/div> \n<\/div><\/div>\n\t\t<div id=\"fws_69efa56d00973\"  data-column-margin=\"default\" data-midnight=\"dark\"  class=\"wpb_row vc_row-fluid vc_row full-width-section  top_padding_tablet_40px top_padding_phone_40px bottom_padding_tablet_40px bottom_padding_phone_40px\"  style=\"padding-top: 50px; padding-bottom: 50px; \"><div class=\"row-bg-wrap\" data-bg-animation=\"none\" data-bg-animation-delay=\"\" data-bg-overlay=\"false\"><div class=\"inner-wrap row-bg-layer\" ><div class=\"row-bg viewport-desktop using-bg-color\"  style=\"background-color: #e9cde3; \"><\/div><\/div><\/div><div class=\"row_col_wrap_12 col span_12 dark left\">\n\t<div  class=\"vc_col-sm-12 wpb_column column_container vc_column_container col centered-text has-animation no-extra-padding inherit_tablet inherit_phone\"  data-padding-pos=\"all\" data-has-bg-color=\"false\" data-bg-color=\"\" data-bg-opacity=\"1\" data-animation=\"fade-in-from-bottom\" data-delay=\"0\" >\n\t\t<div class=\"vc_column-inner\" >\n\t\t\t<div class=\"wpb_wrapper\">\n\t\t\t\t\n<div class=\"wpb_text_column wpb_content_element  granville-text\" >\n\t<div class=\"wpb_wrapper\">\n\t\t<p><span style=\"color: #00263a;\"><a style=\"color: #00263a;\" href=\"https:\/\/pandox-belgium-careers.teamtailor.com\/en-GB\">D\u00e9couvrez nos offres d'emploi<\/a><\/span><\/p>\n\t<\/div>\n<\/div>\n\n\n\n\n\t\t\t<\/div> \n\t\t<\/div>\n\t<\/div> \n<\/div><\/div>","protected":false},"excerpt":{"rendered":"We\u2019re constantly growing and evolving into a stronger, greener eco-system of our own! Much like a terrarium, we grow from the inside out! Reasons To Work With Us: - We...","protected":false},"author":7,"featured_media":0,"parent":0,"menu_order":0,"comment_status":"closed","ping_status":"closed","template":"","meta":{"_acf_changed":false,"footnotes":""},"class_list":["post-14","page","type-page","status-publish"],"acf":[],"_links":{"self":[{"href":"https:\/\/staycurious.be\/fr\/wp-json\/wp\/v2\/pages\/14","targetHints":{"allow":["GET"]}}],"collection":[{"href":"https:\/\/staycurious.be\/fr\/wp-json\/wp\/v2\/pages"}],"about":[{"href":"https:\/\/staycurious.be\/fr\/wp-json\/wp\/v2\/types\/page"}],"author":[{"embeddable":true,"href":"https:\/\/staycurious.be\/fr\/wp-json\/wp\/v2\/users\/7"}],"replies":[{"embeddable":true,"href":"https:\/\/staycurious.be\/fr\/wp-json\/wp\/v2\/comments?post=14"}],"version-history":[{"count":22,"href":"https:\/\/staycurious.be\/fr\/wp-json\/wp\/v2\/pages\/14\/revisions"}],"predecessor-version":[{"id":1300,"href":"https:\/\/staycurious.be\/fr\/wp-json\/wp\/v2\/pages\/14\/revisions\/1300"}],"wp:attachment":[{"href":"https:\/\/staycurious.be\/fr\/wp-json\/wp\/v2\/media?parent=14"}],"curies":[{"name":"wp","href":"https:\/\/api.w.org\/{rel}","templated":true}]}}